{"id":3468,"date":"2026-04-25T09:26:40","date_gmt":"2026-04-25T09:26:40","guid":{"rendered":"https:\/\/abogado-zaragoza.com\/?page_id=3468"},"modified":"2026-04-25T09:37:59","modified_gmt":"2026-04-25T09:37:59","slug":"segunda-oportunidad","status":"publish","type":"page","link":"https:\/\/abogado-zaragoza.com\/index.php\/segunda-oportunidad\/","title":{"rendered":"Segunda Oportunidad"},"content":{"rendered":"\t\t<div data-elementor-type=\"wp-page\" data-elementor-id=\"3468\" class=\"elementor elementor-3468\">\n\t\t\t\t\t\t<section class=\"elementor-section elementor-top-section elementor-element elementor-element-6e403ff elementor-section-boxed elementor-section-height-default elementor-section-height-default\" data-id=\"6e403ff\" data-element_type=\"section\" data-e-type=\"section\">\n\t\t\t\t\t\t<div class=\"elementor-container elementor-column-gap-default\">\n\t\t\t\t\t<div class=\"elementor-column elementor-col-100 elementor-top-column elementor-element elementor-element-51a6a08\" data-id=\"51a6a08\" data-element_type=\"column\" data-e-type=\"column\">\n\t\t\t<div class=\"elementor-widget-wrap elementor-element-populated\">\n\t\t\t\t\t\t<div class=\"elementor-element elementor-element-a2ce8bb elementor-widget elementor-widget-image\" data-id=\"a2ce8bb\" data-element_type=\"widget\" data-e-type=\"widget\" data-widget_type=\"image.default\">\n\t\t\t\t<div class=\"elementor-widget-container\">\n\t\t\t\t\t\t\t\t\t\t\t\t\t\t\t<img fetchpriority=\"high\" decoding=\"async\" width=\"1024\" height=\"316\" src=\"https:\/\/abogado-zaragoza.com\/wp-content\/uploads\/2026\/04\/Captura-de-pantalla-2026-04-20-a-las-13.52.23-1024x316.png\" class=\"attachment-large size-large wp-image-3470\" alt=\"\" srcset=\"https:\/\/abogado-zaragoza.com\/wp-content\/uploads\/2026\/04\/Captura-de-pantalla-2026-04-20-a-las-13.52.23-1024x316.png 1024w, https:\/\/abogado-zaragoza.com\/wp-content\/uploads\/2026\/04\/Captura-de-pantalla-2026-04-20-a-las-13.52.23-300x93.png 300w, https:\/\/abogado-zaragoza.com\/wp-content\/uploads\/2026\/04\/Captura-de-pantalla-2026-04-20-a-las-13.52.23-768x237.png 768w, https:\/\/abogado-zaragoza.com\/wp-content\/uploads\/2026\/04\/Captura-de-pantalla-2026-04-20-a-las-13.52.23.png 1374w\" sizes=\"(max-width: 1024px) 100vw, 1024px\" \/>\t\t\t\t\t\t\t\t\t\t\t\t\t\t\t<\/div>\n\t\t\t\t<\/div>\n\t\t\t\t\t<\/div>\n\t\t<\/div>\n\t\t\t\t\t<\/div>\n\t\t<\/section>\n\t\t\t\t<section class=\"elementor-section elementor-top-section elementor-element elementor-element-b7ca8f1 elementor-section-boxed elementor-section-height-default elementor-section-height-default\" data-id=\"b7ca8f1\" data-element_type=\"section\" data-e-type=\"section\">\n\t\t\t\t\t\t<div class=\"elementor-container elementor-column-gap-default\">\n\t\t\t\t\t<div class=\"elementor-column elementor-col-100 elementor-top-column elementor-element elementor-element-614efa4\" data-id=\"614efa4\" data-element_type=\"column\" data-e-type=\"column\">\n\t\t\t<div class=\"elementor-widget-wrap elementor-element-populated\">\n\t\t\t\t\t\t<div class=\"elementor-element elementor-element-cc05d02 elementor-button-warning elementor-align-center elementor-widget elementor-widget-button\" data-id=\"cc05d02\" data-element_type=\"widget\" data-e-type=\"widget\" data-widget_type=\"button.default\">\n\t\t\t\t<div class=\"elementor-widget-container\">\n\t\t\t\t\t\t\t\t\t<div class=\"elementor-button-wrapper\">\n\t\t\t\t\t<a class=\"elementor-button elementor-button-link elementor-size-sm\" href=\"https:\/\/abogado-zaragoza.com\/index.php\/contact-2\/\">\n\t\t\t\t\t\t<span class=\"elementor-button-content-wrapper\">\n\t\t\t\t\t\t\t\t\t<span class=\"elementor-button-text\">Solicite Presupuesto sin compromiso<\/span>\n\t\t\t\t\t<\/span>\n\t\t\t\t\t<\/a>\n\t\t\t\t<\/div>\n\t\t\t\t\t\t\t\t<\/div>\n\t\t\t\t<\/div>\n\t\t\t\t\t<\/div>\n\t\t<\/div>\n\t\t\t\t\t<\/div>\n\t\t<\/section>\n\t\t\t\t<section class=\"elementor-section elementor-top-section elementor-element elementor-element-5021a96 elementor-section-boxed elementor-section-height-default elementor-section-height-default\" data-id=\"5021a96\" data-element_type=\"section\" data-e-type=\"section\">\n\t\t\t\t\t\t<div class=\"elementor-container elementor-column-gap-default\">\n\t\t\t\t\t<div class=\"elementor-column elementor-col-100 elementor-top-column elementor-element elementor-element-63aa3c9\" data-id=\"63aa3c9\" data-element_type=\"column\" data-e-type=\"column\">\n\t\t\t<div class=\"elementor-widget-wrap elementor-element-populated\">\n\t\t\t\t\t\t<div class=\"elementor-element elementor-element-5d77ddd elementor-widget elementor-widget-text-editor\" data-id=\"5d77ddd\" data-element_type=\"widget\" data-e-type=\"widget\" data-widget_type=\"text-editor.default\">\n\t\t\t\t<div class=\"elementor-widget-container\">\n\t\t\t\t\t\t\t\t\t<h2><span style=\"text-decoration: underline; color: #000080;\"><strong>Derecho Concursal<\/strong><\/span><\/h2><p><span style=\"text-decoration: underline;\"><strong>\u00bfQu\u00e9 es el Derecho Concursal?<\/strong><\/span><\/p><div><p>El Derecho Concursal regula las situaciones de <strong>insolvencia de personas f\u00edsicas y jur\u00eddicas<\/strong>, ya sean empresas o particulares. Su finalidad es <strong>ordenar el pago a los acreedores<\/strong>, proteger los derechos del deudor que act\u00faa de buena fe y, cuando sea posible, <strong>garantizar la continuidad de la actividad econ\u00f3mica<\/strong>.<\/p><\/div><p><span style=\"text-decoration: underline;\"><strong>Concurso de microempresas<\/strong><\/span><\/p><p>Procedimiento \u00e1gil y completamente digital a trav\u00e9s de una plataforma espec\u00edfica creada por el Ministerio de Justicia para su tramitaci\u00f3n dirigida a\u00a0 proteger a aut\u00f3nomos y empresas de reducida estructura.\u00a0<span style=\"font-size: 14px; color: #000000;\">Est\u00e1 dise\u00f1ado para facilitar la <\/span><strong style=\"font-size: 14px; color: #000000;\">reorganizaci\u00f3n de la deuda, la continuidad del negocio o la liquidaci\u00f3n ordenada<\/strong><span style=\"font-size: 14px; color: #000000;\">, protegiendo tanto al deudor como a los acreedores y reduciendo los costes y plazos en comparaci\u00f3n con el concurso ordinario.<\/span><\/p><p><span style=\"text-decoration: underline;\"><strong>Segunda Oportunidad para personas f\u00edsicas<\/strong><\/span><\/p><div><p>La <strong>Ley de Segunda Oportunidad<\/strong> permite a las personas f\u00edsicas y a los aut\u00f3nomos <strong>cancelar total o parcialmente sus deudas<\/strong> cuando no pueden afrontarlas, siempre que concurran los requisitos legales de buena fe.<br \/>Este mecanismo ofrece la posibilidad real de <strong>empezar de nuevo<\/strong>, sin arrastrar cargas econ\u00f3micas insostenibles.<\/p><\/div>\t\t\t\t\t\t\t\t<\/div>\n\t\t\t\t<\/div>\n\t\t\t\t\t<\/div>\n\t\t<\/div>\n\t\t\t\t\t<\/div>\n\t\t<\/section>\n\t\t\t\t<section class=\"elementor-section elementor-top-section elementor-element elementor-element-7f14feb elementor-section-boxed elementor-section-height-default elementor-section-height-default\" data-id=\"7f14feb\" data-element_type=\"section\" data-e-type=\"section\">\n\t\t\t\t\t\t<div class=\"elementor-container elementor-column-gap-default\">\n\t\t\t\t\t<div class=\"elementor-column elementor-col-100 elementor-top-column elementor-element elementor-element-9219584\" data-id=\"9219584\" data-element_type=\"column\" data-e-type=\"column\">\n\t\t\t<div class=\"elementor-widget-wrap elementor-element-populated\">\n\t\t\t\t\t\t<div class=\"elementor-element elementor-element-7581d30 elementor-widget elementor-widget-image\" data-id=\"7581d30\" data-element_type=\"widget\" data-e-type=\"widget\" data-widget_type=\"image.default\">\n\t\t\t\t<div class=\"elementor-widget-container\">\n\t\t\t\t\t\t\t\t\t\t\t\t\t\t\t<img decoding=\"async\" width=\"1024\" height=\"663\" src=\"https:\/\/abogado-zaragoza.com\/wp-content\/uploads\/2026\/04\/Ley-de-Segunda-Oportunidad-Zaragoza-Abogado-1-1024x663.jpg\" class=\"attachment-large size-large wp-image-3479\" alt=\"\" srcset=\"https:\/\/abogado-zaragoza.com\/wp-content\/uploads\/2026\/04\/Ley-de-Segunda-Oportunidad-Zaragoza-Abogado-1-1024x663.jpg 1024w, https:\/\/abogado-zaragoza.com\/wp-content\/uploads\/2026\/04\/Ley-de-Segunda-Oportunidad-Zaragoza-Abogado-1-300x194.jpg 300w, https:\/\/abogado-zaragoza.com\/wp-content\/uploads\/2026\/04\/Ley-de-Segunda-Oportunidad-Zaragoza-Abogado-1-768x497.jpg 768w, https:\/\/abogado-zaragoza.com\/wp-content\/uploads\/2026\/04\/Ley-de-Segunda-Oportunidad-Zaragoza-Abogado-1-1536x994.jpg 1536w, https:\/\/abogado-zaragoza.com\/wp-content\/uploads\/2026\/04\/Ley-de-Segunda-Oportunidad-Zaragoza-Abogado-1.jpg 2000w\" sizes=\"(max-width: 1024px) 100vw, 1024px\" \/>\t\t\t\t\t\t\t\t\t\t\t\t\t\t\t<\/div>\n\t\t\t\t<\/div>\n\t\t\t\t<div class=\"elementor-element elementor-element-8bfdc92 elementor-widget elementor-widget-image\" data-id=\"8bfdc92\" data-element_type=\"widget\" data-e-type=\"widget\" data-widget_type=\"image.default\">\n\t\t\t\t<div class=\"elementor-widget-container\">\n\t\t\t\t\t\t\t\t\t\t\t\t\t\t\t<img decoding=\"async\" width=\"1024\" height=\"663\" src=\"https:\/\/abogado-zaragoza.com\/wp-content\/uploads\/2026\/04\/Ley-de-Segunda-Oportunidad-Zaragoza-Abogado-2-1024x663.jpg\" class=\"attachment-large size-large wp-image-3480\" alt=\"\" srcset=\"https:\/\/abogado-zaragoza.com\/wp-content\/uploads\/2026\/04\/Ley-de-Segunda-Oportunidad-Zaragoza-Abogado-2-1024x663.jpg 1024w, https:\/\/abogado-zaragoza.com\/wp-content\/uploads\/2026\/04\/Ley-de-Segunda-Oportunidad-Zaragoza-Abogado-2-300x194.jpg 300w, https:\/\/abogado-zaragoza.com\/wp-content\/uploads\/2026\/04\/Ley-de-Segunda-Oportunidad-Zaragoza-Abogado-2-768x497.jpg 768w, https:\/\/abogado-zaragoza.com\/wp-content\/uploads\/2026\/04\/Ley-de-Segunda-Oportunidad-Zaragoza-Abogado-2-1536x994.jpg 1536w, https:\/\/abogado-zaragoza.com\/wp-content\/uploads\/2026\/04\/Ley-de-Segunda-Oportunidad-Zaragoza-Abogado-2.jpg 2000w\" sizes=\"(max-width: 1024px) 100vw, 1024px\" \/>\t\t\t\t\t\t\t\t\t\t\t\t\t\t\t<\/div>\n\t\t\t\t<\/div>\n\t\t\t\t<div class=\"elementor-element elementor-element-03c6fb4 elementor-button-warning elementor-align-center elementor-widget elementor-widget-button\" data-id=\"03c6fb4\" data-element_type=\"widget\" data-e-type=\"widget\" data-widget_type=\"button.default\">\n\t\t\t\t<div class=\"elementor-widget-container\">\n\t\t\t\t\t\t\t\t\t<div class=\"elementor-button-wrapper\">\n\t\t\t\t\t<a class=\"elementor-button elementor-button-link elementor-size-sm\" href=\"https:\/\/abogado-zaragoza.com\/wp-content\/uploads\/2026\/04\/Ley-de-Segunda-Oportunidad-Zaragoza-Abogado-1.pdf\">\n\t\t\t\t\t\t<span class=\"elementor-button-content-wrapper\">\n\t\t\t\t\t\t\t\t\t<span class=\"elementor-button-text\">DESCARCAR INFORMACI\u00d3N<\/span>\n\t\t\t\t\t<\/span>\n\t\t\t\t\t<\/a>\n\t\t\t\t<\/div>\n\t\t\t\t\t\t\t\t<\/div>\n\t\t\t\t<\/div>\n\t\t\t\t\t<\/div>\n\t\t<\/div>\n\t\t\t\t\t<\/div>\n\t\t<\/section>\n\t\t\t\t<section class=\"elementor-section elementor-top-section elementor-element elementor-element-223b649 elementor-section-boxed elementor-section-height-default elementor-section-height-default\" data-id=\"223b649\" data-element_type=\"section\" data-e-type=\"section\">\n\t\t\t\t\t\t<div class=\"elementor-container elementor-column-gap-default\">\n\t\t\t\t\t<div class=\"elementor-column elementor-col-100 elementor-top-column elementor-element elementor-element-26e3937\" data-id=\"26e3937\" data-element_type=\"column\" data-e-type=\"column\">\n\t\t\t<div class=\"elementor-widget-wrap\">\n\t\t\t\t\t\t\t<\/div>\n\t\t<\/div>\n\t\t\t\t\t<\/div>\n\t\t<\/section>\n\t\t\t\t<\/div>\n\t\t","protected":false},"excerpt":{"rendered":"<p>Solicite Presupuesto sin compromiso Derecho Concursal \u00bfQu\u00e9 es el Derecho Concursal? El Derecho Concursal regula las situaciones de insolvencia de personas f\u00edsicas y jur\u00eddicas, ya sean empresas o particulares. Su finalidad es ordenar el pago a los acreedores, proteger los derechos del deudor que act\u00faa de buena fe y, cuando sea posible, garantizar la continuidad [&hellip;]<\/p>\n","protected":false},"author":1,"featured_media":0,"parent":0,"menu_order":0,"comment_status":"closed","ping_status":"closed","template":"","meta":{"om_disable_all_campaigns":false,"_monsterinsights_skip_tracking":false,"_monsterinsights_sitenote_active":false,"_monsterinsights_sitenote_note":"","_monsterinsights_sitenote_category":0,"_uf_show_specific_survey":0,"_uf_disable_surveys":false,"ocean_post_layout":"","ocean_both_sidebars_style":"","ocean_both_sidebars_content_width":0,"ocean_both_sidebars_sidebars_width":0,"ocean_sidebar":"","ocean_second_sidebar":"","ocean_disable_margins":"enable","ocean_add_body_class":"","ocean_shortcode_before_top_bar":"","ocean_shortcode_after_top_bar":"","ocean_shortcode_before_header":"","ocean_shortcode_after_header":"","ocean_has_shortcode":"","ocean_shortcode_after_title":"","ocean_shortcode_before_footer_widgets":"","ocean_shortcode_after_footer_widgets":"","ocean_shortcode_before_footer_bottom":"","ocean_shortcode_after_footer_bottom":"","ocean_display_top_bar":"default","ocean_display_header":"default","ocean_header_style":"","ocean_center_header_left_menu":"","ocean_custom_header_template":"","ocean_custom_logo":0,"ocean_custom_retina_logo":0,"ocean_custom_logo_max_width":0,"ocean_custom_logo_tablet_max_width":0,"ocean_custom_logo_mobile_max_width":0,"ocean_custom_logo_max_height":0,"ocean_custom_logo_tablet_max_height":0,"ocean_custom_logo_mobile_max_height":0,"ocean_header_custom_menu":"","ocean_menu_typo_font_family":"","ocean_menu_typo_font_subset":"","ocean_menu_typo_font_size":0,"ocean_menu_typo_font_size_tablet":0,"ocean_menu_typo_font_size_mobile":0,"ocean_menu_typo_font_size_unit":"px","ocean_menu_typo_font_weight":"","ocean_menu_typo_font_weight_tablet":"","ocean_menu_typo_font_weight_mobile":"","ocean_menu_typo_transform":"","ocean_menu_typo_transform_tablet":"","ocean_menu_typo_transform_mobile":"","ocean_menu_typo_line_height":0,"ocean_menu_typo_line_height_tablet":0,"ocean_menu_typo_line_height_mobile":0,"ocean_menu_typo_line_height_unit":"","ocean_menu_typo_spacing":0,"ocean_menu_typo_spacing_tablet":0,"ocean_menu_typo_spacing_mobile":0,"ocean_menu_typo_spacing_unit":"","ocean_menu_link_color":"","ocean_menu_link_color_hover":"","ocean_menu_link_color_active":"","ocean_menu_link_background":"","ocean_menu_link_hover_background":"","ocean_menu_link_active_background":"","ocean_menu_social_links_bg":"","ocean_menu_social_hover_links_bg":"","ocean_menu_social_links_color":"","ocean_menu_social_hover_links_color":"","ocean_disable_title":"default","ocean_disable_heading":"default","ocean_post_title":"","ocean_post_subheading":"","ocean_post_title_style":"","ocean_post_title_background_color":"","ocean_post_title_background":0,"ocean_post_title_bg_image_position":"","ocean_post_title_bg_image_attachment":"","ocean_post_title_bg_image_repeat":"","ocean_post_title_bg_image_size":"","ocean_post_title_height":0,"ocean_post_title_bg_overlay":0.5,"ocean_post_title_bg_overlay_color":"","ocean_disable_breadcrumbs":"default","ocean_breadcrumbs_color":"","ocean_breadcrumbs_separator_color":"","ocean_breadcrumbs_links_color":"","ocean_breadcrumbs_links_hover_color":"","ocean_display_footer_widgets":"default","ocean_display_footer_bottom":"default","ocean_custom_footer_template":"","footnotes":""},"class_list":["post-3468","page","type-page","status-publish","hentry","entry"],"yoast_head":"<!-- This site is optimized with the Yoast SEO plugin v27.4 - https:\/\/yoast.com\/product\/yoast-seo-wordpress\/ -->\n<title>Segunda Oportunidad - Abogado Zaragoza<\/title>\n<meta name=\"robots\" content=\"index, follow, max-snippet:-1, max-image-preview:large, max-video-preview:-1\" \/>\n<link rel=\"canonical\" href=\"https:\/\/abogado-zaragoza.com\/index.php\/segunda-oportunidad\/\" \/>\n<meta property=\"og:locale\" content=\"es_ES\" \/>\n<meta property=\"og:type\" content=\"article\" \/>\n<meta property=\"og:title\" content=\"Segunda Oportunidad - Abogado Zaragoza\" \/>\n<meta property=\"og:description\" content=\"Solicite Presupuesto sin compromiso Derecho Concursal \u00bfQu\u00e9 es el Derecho Concursal? El Derecho Concursal regula las situaciones de insolvencia de personas f\u00edsicas y jur\u00eddicas, ya sean empresas o particulares. Su finalidad es ordenar el pago a los acreedores, proteger los derechos del deudor que act\u00faa de buena fe y, cuando sea posible, garantizar la continuidad [&hellip;]\" \/>\n<meta property=\"og:url\" content=\"https:\/\/abogado-zaragoza.com\/index.php\/segunda-oportunidad\/\" \/>\n<meta property=\"og:site_name\" content=\"Abogado Zaragoza\" \/>\n<meta property=\"article:publisher\" content=\"https:\/\/www.linkedin.com\/in\/pedro-guti%c3%a9rrez-67105824\/\" \/>\n<meta property=\"article:modified_time\" content=\"2026-04-25T09:37:59+00:00\" \/>\n<meta property=\"og:image\" content=\"https:\/\/abogado-zaragoza.com\/wp-content\/uploads\/2026\/04\/Captura-de-pantalla-2026-04-20-a-las-13.52.23.png\" \/>\n\t<meta property=\"og:image:width\" content=\"1374\" \/>\n\t<meta property=\"og:image:height\" content=\"424\" \/>\n\t<meta property=\"og:image:type\" content=\"image\/png\" \/>\n<meta name=\"twitter:card\" content=\"summary_large_image\" \/>\n<meta name=\"twitter:site\" content=\"@ZaragozaAbogado\" \/>\n<meta name=\"twitter:label1\" content=\"Tiempo de lectura\" \/>\n\t<meta name=\"twitter:data1\" content=\"2 minutos\" \/>\n<script type=\"application\/ld+json\" class=\"yoast-schema-graph\">{\"@context\":\"https:\\\/\\\/schema.org\",\"@graph\":[{\"@type\":\"WebPage\",\"@id\":\"https:\\\/\\\/abogado-zaragoza.com\\\/index.php\\\/segunda-oportunidad\\\/\",\"url\":\"https:\\\/\\\/abogado-zaragoza.com\\\/index.php\\\/segunda-oportunidad\\\/\",\"name\":\"Segunda Oportunidad - Abogado Zaragoza\",\"isPartOf\":{\"@id\":\"https:\\\/\\\/abogado-zaragoza.com\\\/#website\"},\"primaryImageOfPage\":{\"@id\":\"https:\\\/\\\/abogado-zaragoza.com\\\/index.php\\\/segunda-oportunidad\\\/#primaryimage\"},\"image\":{\"@id\":\"https:\\\/\\\/abogado-zaragoza.com\\\/index.php\\\/segunda-oportunidad\\\/#primaryimage\"},\"thumbnailUrl\":\"https:\\\/\\\/abogado-zaragoza.com\\\/wp-content\\\/uploads\\\/2026\\\/04\\\/Captura-de-pantalla-2026-04-20-a-las-13.52.23-1024x316.png\",\"datePublished\":\"2026-04-25T09:26:40+00:00\",\"dateModified\":\"2026-04-25T09:37:59+00:00\",\"breadcrumb\":{\"@id\":\"https:\\\/\\\/abogado-zaragoza.com\\\/index.php\\\/segunda-oportunidad\\\/#breadcrumb\"},\"inLanguage\":\"es\",\"potentialAction\":[{\"@type\":\"ReadAction\",\"target\":[\"https:\\\/\\\/abogado-zaragoza.com\\\/index.php\\\/segunda-oportunidad\\\/\"]}]},{\"@type\":\"ImageObject\",\"inLanguage\":\"es\",\"@id\":\"https:\\\/\\\/abogado-zaragoza.com\\\/index.php\\\/segunda-oportunidad\\\/#primaryimage\",\"url\":\"https:\\\/\\\/abogado-zaragoza.com\\\/wp-content\\\/uploads\\\/2026\\\/04\\\/Captura-de-pantalla-2026-04-20-a-las-13.52.23.png\",\"contentUrl\":\"https:\\\/\\\/abogado-zaragoza.com\\\/wp-content\\\/uploads\\\/2026\\\/04\\\/Captura-de-pantalla-2026-04-20-a-las-13.52.23.png\",\"width\":1374,\"height\":424},{\"@type\":\"BreadcrumbList\",\"@id\":\"https:\\\/\\\/abogado-zaragoza.com\\\/index.php\\\/segunda-oportunidad\\\/#breadcrumb\",\"itemListElement\":[{\"@type\":\"ListItem\",\"position\":1,\"name\":\"Portada\",\"item\":\"https:\\\/\\\/abogado-zaragoza.com\\\/\"},{\"@type\":\"ListItem\",\"position\":2,\"name\":\"Segunda Oportunidad\"}]},{\"@type\":\"WebSite\",\"@id\":\"https:\\\/\\\/abogado-zaragoza.com\\\/#website\",\"url\":\"https:\\\/\\\/abogado-zaragoza.com\\\/\",\"name\":\"Abogado-Zaragoza\",\"description\":\"Despacho de Abogados\",\"publisher\":{\"@id\":\"https:\\\/\\\/abogado-zaragoza.com\\\/#organization\"},\"alternateName\":\"Despacho de Abogados de Zaragoza\",\"potentialAction\":[{\"@type\":\"SearchAction\",\"target\":{\"@type\":\"EntryPoint\",\"urlTemplate\":\"https:\\\/\\\/abogado-zaragoza.com\\\/?s={search_term_string}\"},\"query-input\":{\"@type\":\"PropertyValueSpecification\",\"valueRequired\":true,\"valueName\":\"search_term_string\"}}],\"inLanguage\":\"es\"},{\"@type\":\"Organization\",\"@id\":\"https:\\\/\\\/abogado-zaragoza.com\\\/#organization\",\"name\":\"Pedro Guti\u00e9rrez. Abogado\",\"url\":\"https:\\\/\\\/abogado-zaragoza.com\\\/\",\"logo\":{\"@type\":\"ImageObject\",\"inLanguage\":\"es\",\"@id\":\"https:\\\/\\\/abogado-zaragoza.com\\\/#\\\/schema\\\/logo\\\/image\\\/\",\"url\":\"https:\\\/\\\/abogado-zaragoza.com\\\/wp-content\\\/uploads\\\/2021\\\/12\\\/cropped-logo-abogado-1.png\",\"contentUrl\":\"https:\\\/\\\/abogado-zaragoza.com\\\/wp-content\\\/uploads\\\/2021\\\/12\\\/cropped-logo-abogado-1.png\",\"width\":123,\"height\":66,\"caption\":\"Pedro Guti\u00e9rrez. Abogado\"},\"image\":{\"@id\":\"https:\\\/\\\/abogado-zaragoza.com\\\/#\\\/schema\\\/logo\\\/image\\\/\"},\"sameAs\":[\"https:\\\/\\\/www.linkedin.com\\\/in\\\/pedro-guti\u00e9rrez-67105824\\\/\",\"https:\\\/\\\/x.com\\\/ZaragozaAbogado\",\"https:\\\/\\\/www.instagram.com\\\/abogadozaragoza\"]}]}<\/script>\n<!-- \/ Yoast SEO plugin. -->","yoast_head_json":{"title":"Segunda Oportunidad - Abogado Zaragoza","robots":{"index":"index","follow":"follow","max-snippet":"max-snippet:-1","max-image-preview":"max-image-preview:large","max-video-preview":"max-video-preview:-1"},"canonical":"https:\/\/abogado-zaragoza.com\/index.php\/segunda-oportunidad\/","og_locale":"es_ES","og_type":"article","og_title":"Segunda Oportunidad - Abogado Zaragoza","og_description":"Solicite Presupuesto sin compromiso Derecho Concursal \u00bfQu\u00e9 es el Derecho Concursal? El Derecho Concursal regula las situaciones de insolvencia de personas f\u00edsicas y jur\u00eddicas, ya sean empresas o particulares. Su finalidad es ordenar el pago a los acreedores, proteger los derechos del deudor que act\u00faa de buena fe y, cuando sea posible, garantizar la continuidad [&hellip;]","og_url":"https:\/\/abogado-zaragoza.com\/index.php\/segunda-oportunidad\/","og_site_name":"Abogado Zaragoza","article_publisher":"https:\/\/www.linkedin.com\/in\/pedro-guti%c3%a9rrez-67105824\/","article_modified_time":"2026-04-25T09:37:59+00:00","og_image":[{"width":1374,"height":424,"url":"https:\/\/abogado-zaragoza.com\/wp-content\/uploads\/2026\/04\/Captura-de-pantalla-2026-04-20-a-las-13.52.23.png","type":"image\/png"}],"twitter_card":"summary_large_image","twitter_site":"@ZaragozaAbogado","twitter_misc":{"Tiempo de lectura":"2 minutos"},"schema":{"@context":"https:\/\/schema.org","@graph":[{"@type":"WebPage","@id":"https:\/\/abogado-zaragoza.com\/index.php\/segunda-oportunidad\/","url":"https:\/\/abogado-zaragoza.com\/index.php\/segunda-oportunidad\/","name":"Segunda Oportunidad - Abogado Zaragoza","isPartOf":{"@id":"https:\/\/abogado-zaragoza.com\/#website"},"primaryImageOfPage":{"@id":"https:\/\/abogado-zaragoza.com\/index.php\/segunda-oportunidad\/#primaryimage"},"image":{"@id":"https:\/\/abogado-zaragoza.com\/index.php\/segunda-oportunidad\/#primaryimage"},"thumbnailUrl":"https:\/\/abogado-zaragoza.com\/wp-content\/uploads\/2026\/04\/Captura-de-pantalla-2026-04-20-a-las-13.52.23-1024x316.png","datePublished":"2026-04-25T09:26:40+00:00","dateModified":"2026-04-25T09:37:59+00:00","breadcrumb":{"@id":"https:\/\/abogado-zaragoza.com\/index.php\/segunda-oportunidad\/#breadcrumb"},"inLanguage":"es","potentialAction":[{"@type":"ReadAction","target":["https:\/\/abogado-zaragoza.com\/index.php\/segunda-oportunidad\/"]}]},{"@type":"ImageObject","inLanguage":"es","@id":"https:\/\/abogado-zaragoza.com\/index.php\/segunda-oportunidad\/#primaryimage","url":"https:\/\/abogado-zaragoza.com\/wp-content\/uploads\/2026\/04\/Captura-de-pantalla-2026-04-20-a-las-13.52.23.png","contentUrl":"https:\/\/abogado-zaragoza.com\/wp-content\/uploads\/2026\/04\/Captura-de-pantalla-2026-04-20-a-las-13.52.23.png","width":1374,"height":424},{"@type":"BreadcrumbList","@id":"https:\/\/abogado-zaragoza.com\/index.php\/segunda-oportunidad\/#breadcrumb","itemListElement":[{"@type":"ListItem","position":1,"name":"Portada","item":"https:\/\/abogado-zaragoza.com\/"},{"@type":"ListItem","position":2,"name":"Segunda Oportunidad"}]},{"@type":"WebSite","@id":"https:\/\/abogado-zaragoza.com\/#website","url":"https:\/\/abogado-zaragoza.com\/","name":"Abogado-Zaragoza","description":"Despacho de Abogados","publisher":{"@id":"https:\/\/abogado-zaragoza.com\/#organization"},"alternateName":"Despacho de Abogados de Zaragoza","potentialAction":[{"@type":"SearchAction","target":{"@type":"EntryPoint","urlTemplate":"https:\/\/abogado-zaragoza.com\/?s={search_term_string}"},"query-input":{"@type":"PropertyValueSpecification","valueRequired":true,"valueName":"search_term_string"}}],"inLanguage":"es"},{"@type":"Organization","@id":"https:\/\/abogado-zaragoza.com\/#organization","name":"Pedro Guti\u00e9rrez. Abogado","url":"https:\/\/abogado-zaragoza.com\/","logo":{"@type":"ImageObject","inLanguage":"es","@id":"https:\/\/abogado-zaragoza.com\/#\/schema\/logo\/image\/","url":"https:\/\/abogado-zaragoza.com\/wp-content\/uploads\/2021\/12\/cropped-logo-abogado-1.png","contentUrl":"https:\/\/abogado-zaragoza.com\/wp-content\/uploads\/2021\/12\/cropped-logo-abogado-1.png","width":123,"height":66,"caption":"Pedro Guti\u00e9rrez. Abogado"},"image":{"@id":"https:\/\/abogado-zaragoza.com\/#\/schema\/logo\/image\/"},"sameAs":["https:\/\/www.linkedin.com\/in\/pedro-guti\u00e9rrez-67105824\/","https:\/\/x.com\/ZaragozaAbogado","https:\/\/www.instagram.com\/abogadozaragoza"]}]}},"_links":{"self":[{"href":"https:\/\/abogado-zaragoza.com\/index.php\/wp-json\/wp\/v2\/pages\/3468","targetHints":{"allow":["GET"]}}],"collection":[{"href":"https:\/\/abogado-zaragoza.com\/index.php\/wp-json\/wp\/v2\/pages"}],"about":[{"href":"https:\/\/abogado-zaragoza.com\/index.php\/wp-json\/wp\/v2\/types\/page"}],"author":[{"embeddable":true,"href":"https:\/\/abogado-zaragoza.com\/index.php\/wp-json\/wp\/v2\/users\/1"}],"replies":[{"embeddable":true,"href":"https:\/\/abogado-zaragoza.com\/index.php\/wp-json\/wp\/v2\/comments?post=3468"}],"version-history":[{"count":20,"href":"https:\/\/abogado-zaragoza.com\/index.php\/wp-json\/wp\/v2\/pages\/3468\/revisions"}],"predecessor-version":[{"id":3499,"href":"https:\/\/abogado-zaragoza.com\/index.php\/wp-json\/wp\/v2\/pages\/3468\/revisions\/3499"}],"wp:attachment":[{"href":"https:\/\/abogado-zaragoza.com\/index.php\/wp-json\/wp\/v2\/media?parent=3468"}],"curies":[{"name":"wp","href":"https:\/\/api.w.org\/{rel}","templated":true}]}}