{"id":161,"date":"2016-10-25T15:19:54","date_gmt":"2016-10-25T15:19:54","guid":{"rendered":"http:\/\/lawyer2.mythemecloud.io\/?page_id=161"},"modified":"2025-09-30T08:55:31","modified_gmt":"2025-09-30T08:55:31","slug":"despacho","status":"publish","type":"page","link":"https:\/\/abogado-zaragoza.com\/","title":{"rendered":"Despacho"},"content":{"rendered":"<h2>Abogados en Zaragoza<\/h2>\n<p>Somos un Despacho de Abogados de Zaragoza, con amplia experiencia profesional, dispuestos a escuchar sus problemas, a estudiar todas las alternativas y darle la mejor soluci\u00f3n jur\u00eddica a los mismos.<\/p>\n<p>\t\t\t\t\t<a href=\"https:\/\/abogado-zaragoza.com\/index.php\/contact-2\/\"><br \/>\n\t\t\t\t\t\t\t\t\tContacta con un Abogado<br \/>\n\t\t\t\t\t<\/a><\/p>\n<h2>Areas Legales<\/h2>\n<p>Estos son algunos de los Servicios Jur\u00eddicos que presta \u00e9ste Despacho de Abogados<\/p>\n<p>\t\t\t\t<a href=\"https:\/\/abogado-zaragoza.com\/index.php\/areas-legales-2\/\" target=\"_blank\" tabindex=\"-1\" aria-label=\"Abogados Consumo y Civil\"><br \/>\n\t\t\t\t\t\t\t\t<\/a><\/p>\n<h3>\n\t\t\t\t\t\t<a href=\"https:\/\/abogado-zaragoza.com\/index.php\/areas-legales-2\/\" target=\"_blank\" ><br \/>\n\t\t\t\t\t\t\tAbogados Consumo y Civil\t\t\t\t\t\t<\/a><br \/>\n\t\t\t\t\t<\/h3>\n<p>\n\t\t\t\t\t\tContamos con abogados que han intervenido en procedimientos civiles y de consumo de muy diversa complejidad. Nuestra experiencia y conocimiento del derecho civil le garantiza un trato personal, escrupuloso y  profesional durante todo el procedimiento.\t\t\t\t\t<\/p>\n<p>\t\t\t\t<a href=\"https:\/\/abogado-zaragoza.com\/index.php\/areas-legales-2\/\" target=\"_blank\" tabindex=\"-1\" aria-label=\"Abogados Concursales y de Segunda Oportunidad\"><br \/>\n\t\t\t\t\t\t\t\t<\/a><\/p>\n<h3>\n\t\t\t\t\t\t<a href=\"https:\/\/abogado-zaragoza.com\/index.php\/areas-legales-2\/\" target=\"_blank\" ><br \/>\n\t\t\t\t\t\t\tAbogados Concursales y de Segunda Oportunidad\t\t\t\t\t\t<\/a><br \/>\n\t\t\t\t\t<\/h3>\n<p>\n\t\t\t\t\t\tAcompa\u00f1amos a las empresas y a los particulares en sus necesidades del d\u00eda a d\u00eda.  Nos hemos especializado en todo lo relativo a gesti\u00f3n de cobros, as\u00ed como a la tramitaci\u00f3n \u00edntegra de concursos de acreedores y Ley de Segunda Oportunidad para particulares.\n\t\t\t\t\t<\/p>\n<p>\t\t\t\t<a href=\"https:\/\/abogado-zaragoza.com\/index.php\/areas-legales-2\/\" tabindex=\"-1\" aria-label=\"Abogados Laboralistas\"><br \/>\n\t\t\t\t\t\t\t\t<\/a><\/p>\n<h3>\n\t\t\t\t\t\t<a href=\"https:\/\/abogado-zaragoza.com\/index.php\/areas-legales-2\/\" ><br \/>\n\t\t\t\t\t\t\tAbogados Laboralistas\t\t\t\t\t\t<\/a><br \/>\n\t\t\t\t\t<\/h3>\n<p>\n\t\t\t\t\t\tDisponemos de un equipo de Abogados Laboralistas. Hemos intervenido en numerosos conflictos laborales, conseguido acuerdos favorables en \u00f3rganos arbitrales y defendido a empresas y a trabajadores en todo tipo de procedimientos laborales.\t\t\t\t\t<\/p>\n<p>\t\t\t\t<a href=\"https:\/\/abogado-zaragoza.com\/index.php\/areas-legales-2\/\" target=\"_blank\" tabindex=\"-1\" aria-label=\"Abogados Matrimonialistas\"><br \/>\n\t\t\t\t\t\t\t\t<\/a><\/p>\n<h3>\n\t\t\t\t\t\t<a href=\"https:\/\/abogado-zaragoza.com\/index.php\/areas-legales-2\/\" target=\"_blank\" ><br \/>\n\t\t\t\t\t\t\tAbogados Matrimonialistas\t\t\t\t\t\t<\/a><br \/>\n\t\t\t\t\t<\/h3>\n<p>\n\t\t\t\t\t\tAsesoramos y ayudamos a nuestros clientes en el dif\u00edcil momento que se deriva de las crisis matrimoniales. Negociamos acuerdos matrimoniales y si su problema deviene contencioso, defenderemos sus derechos y el de su familia.\t\t\t\t\t<\/p>\n<p>\t\t\t\t\t<a href=\"https:\/\/abogado-zaragoza.com\/index.php\/areas-legales\/\"><br \/>\n\t\t\t\t\t\t\t\t\tConozca Todos nuestros servicios<br \/>\n\t\t\t\t\t<\/a><\/p>\n<h2>Somos Abogados <\/h2>\n<p>Este Despacho de Abogados se encuentra adem\u00e1s integrado en la Red de Asesor\u00edas\u00a0<strong><a style=\"color: #000080;\" href=\"https:\/\/abogado-zaragoza.com\/index.php\/ce-consulting\/\" rel=\"noopener\">CE Consulting<\/a><\/strong>, firma de consultor\u00eda para Empresas y Profesionales con amplia y reconocida experiencia en todo el territorio nacional desde 1989.<\/p>\n<figure><img loading=\"lazy\" decoding=\"async\" width=\"400\" height=\"400\" src=\"https:\/\/abogado-zaragoza.com\/wp-content\/uploads\/2023\/05\/Pedro-Abogado.jpeg\" alt=\"\" \/><\/figure>\n<h3>PEDRO GUTI\u00c9RREZ L\u00d3PEZ\u200b<\/h3>\n<p>Abogado Colegiado n\u00ba 3307 del Real e Ilustre Colegio de Abogados de Zaragoza\u200b\u200b.<br \/>\nEn ejercicio desde 1994, he desarrollado mi profesi\u00f3n especializ\u00e1ndose en derecho laboral, contrataci\u00f3n civil y mercantil y derecho concursal y de segunda oportunidad.\n<\/p>\n<p>\t\t\t\t\t\t\t\t\t\t\t\t\t\t\t<img loading=\"lazy\" decoding=\"async\" width=\"500\" height=\"500\" src=\"https:\/\/abogado-zaragoza.com\/wp-content\/uploads\/2023\/12\/Logotipo_Abogado_y_Ley_Elegante_Azyl_y_Dorado__1_-removebg-preview.png\" alt=\"\" srcset=\"https:\/\/abogado-zaragoza.com\/wp-content\/uploads\/2023\/12\/Logotipo_Abogado_y_Ley_Elegante_Azyl_y_Dorado__1_-removebg-preview.png 500w, https:\/\/abogado-zaragoza.com\/wp-content\/uploads\/2023\/12\/Logotipo_Abogado_y_Ley_Elegante_Azyl_y_Dorado__1_-removebg-preview-300x300.png 300w, https:\/\/abogado-zaragoza.com\/wp-content\/uploads\/2023\/12\/Logotipo_Abogado_y_Ley_Elegante_Azyl_y_Dorado__1_-removebg-preview-150x150.png 150w\" sizes=\"auto, (max-width: 500px) 100vw, 500px\" \/><br \/>\n\t\t\t\t\t<a href=\"https:\/\/abogado-zaragoza.com\/index.php\/contact-2\/\"><br \/>\n\t\t\t\t\t\t\t\t\tContacte con Nosotros<br \/>\n\t\t\t\t\t<\/a><\/p>\n<h2>Nuestros Valores<\/h2>\n<h4 style=\"font-style: normal;text-align: start\"><em style=\"font-size: 17px\">Los valores de este Despacho de Abogados son el reflejo de cada unos de los profesionales que lo integran<br \/>\n<\/em><\/h4>\n<h3>\n\t\t\t\t\t\t\t\u00c9tica e Independencia Profesional<br \/>\n\t\t\t\t\t<\/h3>\n<p>\n\t\t\t\t\t\tCon respeto absoluto a los principios \u00e9ticos y deontol\u00f3gicos del ejercicio de nuestra profesi\u00f3n lo que nos sirve para asesorar y defender adecuadamente los leg\u00edtimos intereses de los clientes, frente a toda clase de injerencias e intereses ajenos.\t\t\t\t\t<\/p>\n<h3>\n\t\t\t\t\t\t\tConfianza e Integridad<br \/>\n\t\t\t\t\t<\/h3>\n<p>\n\t\t\t\t\t\tPorque la relaci\u00f3n con nuestros clientes se fundamenta en la confianza lo que nos exige una conducta profesional \u00edntegra, que sea honrada, leal, veraz y diligente, evitando cualquier tipo de conflictos de intereses.\t\t\t\t\t<\/p>\n<h3>\n\t\t\t\t\t\t\tSecreto Profesional<br \/>\n\t\t\t\t\t<\/h3>\n<p>\n\t\t\t\t\t\tNuestra obligaci\u00f3n de preservar el derecho de nuestros clientes a su intimidad, a no declarar en su contra y el respeto de los derechos fundamentales de terceros, nos impone el deber de guardar secreto respecto de todos los hechos o noticias que conozcamos por raz\u00f3n de cualquiera actuaci\u00f3n profesional.\t\t\t\t\t<\/p>\n<h2>Formularios Legales<\/h2>\n<p>\n\t\t\t\t\t\tAdquiera en nuestra&nbsp;<a href=\"https:\/\/abogado-zaragoza.com\/index.php\/tienda\/\" style=\"font-family: Montserrat;font-size: 14px;font-style: normal;font-weight: 400;text-align: start\">tienda<\/a>&nbsp;de Contratos, Modelos y Formularios el documento legal que necesite. F\u00e1cil, econ\u00f3mico y sin suscripciones\t\t\t\t\t<\/p>\n<p>\t\t\t\t\t<a href=\"https:\/\/formularios.abogado-zaragoza.com\/\" target=\"_blank\"><br \/>\n\t\t\t\t\t\t\t\t\tTienda<br \/>\n\t\t\t\t\t<\/a><\/p>\n<figure>\n\t\t\t\t\t\t\t\t\t\t\t<a href=\"https:\/\/abogado-zaragoza.com\/index.php\/ce-consulting\/\"><br \/>\n\t\t\t\t\t\t\t<img loading=\"lazy\" decoding=\"async\" width=\"570\" height=\"154\" src=\"https:\/\/abogado-zaragoza.com\/wp-content\/uploads\/2022\/12\/ce-consulting-iso.png\" alt=\"\" srcset=\"https:\/\/abogado-zaragoza.com\/wp-content\/uploads\/2022\/12\/ce-consulting-iso.png 570w, https:\/\/abogado-zaragoza.com\/wp-content\/uploads\/2022\/12\/ce-consulting-iso-300x81.png 300w\" sizes=\"auto, (max-width: 570px) 100vw, 570px\" \/>\t\t\t\t\t\t\t\t<\/a><figcaption><\/figcaption><\/figure>\n<p>\t\t\t<iframe loading=\"lazy\"\n\t\t\t\t\tsrc=\"https:\/\/maps.google.com\/maps?q=Pedro%20Guti%C3%A9rrez.%20Abogado%2C%20Calle%20de%20Baltasar%20Graci%C3%A1n%2C%20Zaragoza&#038;t=m&#038;z=15&#038;output=embed&#038;iwloc=near\"\n\t\t\t\t\ttitle=\"Pedro Guti\u00e9rrez. Abogado, Calle de Baltasar Graci\u00e1n, Zaragoza\"\n\t\t\t\t\taria-label=\"Pedro Guti\u00e9rrez. Abogado, Calle de Baltasar Graci\u00e1n, Zaragoza\"\n\t\t\t><\/iframe><\/p>\n","protected":false},"excerpt":{"rendered":"<p>Abogados en Zaragoza Somos un Despacho de Abogados de Zaragoza, con amplia experiencia profesional, dispuestos a escuchar sus problemas, a estudiar todas las alternativas y darle la mejor soluci\u00f3n jur\u00eddica a los mismos. Contacta con un Abogado Areas Legales Estos son algunos de los Servicios Jur\u00eddicos que presta \u00e9ste Despacho de Abogados Abogados Consumo y [&hellip;]<\/p>\n","protected":false},"author":1,"featured_media":0,"parent":0,"menu_order":0,"comment_status":"closed","ping_status":"closed","template":"","meta":{"ocean_post_layout":"full-screen","ocean_both_sidebars_style":"","ocean_both_sidebars_content_width":0,"ocean_both_sidebars_sidebars_width":0,"ocean_sidebar":"0","ocean_second_sidebar":"0","ocean_disable_margins":"on","ocean_add_body_class":"","ocean_shortcode_before_top_bar":"","ocean_shortcode_after_top_bar":"","ocean_shortcode_before_header":"","ocean_shortcode_after_header":"","ocean_has_shortcode":"","ocean_shortcode_after_title":"","ocean_shortcode_before_footer_widgets":"","ocean_shortcode_after_footer_widgets":"","ocean_shortcode_before_footer_bottom":"","ocean_shortcode_after_footer_bottom":"","ocean_display_top_bar":"default","ocean_display_header":"default","ocean_header_style":"","ocean_center_header_left_menu":"0","ocean_custom_header_template":"0","ocean_custom_logo":0,"ocean_custom_retina_logo":0,"ocean_custom_logo_max_width":0,"ocean_custom_logo_tablet_max_width":0,"ocean_custom_logo_mobile_max_width":0,"ocean_custom_logo_max_height":0,"ocean_custom_logo_tablet_max_height":0,"ocean_custom_logo_mobile_max_height":0,"ocean_header_custom_menu":"0","ocean_menu_typo_font_family":"0","ocean_menu_typo_font_subset":"","ocean_menu_typo_font_size":0,"ocean_menu_typo_font_size_tablet":0,"ocean_menu_typo_font_size_mobile":0,"ocean_menu_typo_font_size_unit":"px","ocean_menu_typo_font_weight":"","ocean_menu_typo_font_weight_tablet":"","ocean_menu_typo_font_weight_mobile":"","ocean_menu_typo_transform":"","ocean_menu_typo_transform_tablet":"","ocean_menu_typo_transform_mobile":"","ocean_menu_typo_line_height":0,"ocean_menu_typo_line_height_tablet":0,"ocean_menu_typo_line_height_mobile":0,"ocean_menu_typo_line_height_unit":"","ocean_menu_typo_spacing":0,"ocean_menu_typo_spacing_tablet":0,"ocean_menu_typo_spacing_mobile":0,"ocean_menu_typo_spacing_unit":"","ocean_menu_link_color":"","ocean_menu_link_color_hover":"","ocean_menu_link_color_active":"","ocean_menu_link_background":"","ocean_menu_link_hover_background":"","ocean_menu_link_active_background":"","ocean_menu_social_links_bg":"","ocean_menu_social_hover_links_bg":"","ocean_menu_social_links_color":"","ocean_menu_social_hover_links_color":"","ocean_disable_title":"on","ocean_disable_heading":"default","ocean_post_title":"","ocean_post_subheading":"","ocean_post_title_style":"","ocean_post_title_background_color":"","ocean_post_title_background":0,"ocean_post_title_bg_image_position":"","ocean_post_title_bg_image_attachment":"","ocean_post_title_bg_image_repeat":"","ocean_post_title_bg_image_size":"","ocean_post_title_height":0,"ocean_post_title_bg_overlay":0.5,"ocean_post_title_bg_overlay_color":"","ocean_disable_breadcrumbs":"default","ocean_breadcrumbs_color":"","ocean_breadcrumbs_separator_color":"","ocean_breadcrumbs_links_color":"","ocean_breadcrumbs_links_hover_color":"","ocean_display_footer_widgets":"default","ocean_display_footer_bottom":"default","ocean_custom_footer_template":"0","footnotes":""},"class_list":["post-161","page","type-page","status-publish","hentry","entry"],"_links":{"self":[{"href":"https:\/\/abogado-zaragoza.com\/index.php\/wp-json\/wp\/v2\/pages\/161","targetHints":{"allow":["GET"]}}],"collection":[{"href":"https:\/\/abogado-zaragoza.com\/index.php\/wp-json\/wp\/v2\/pages"}],"about":[{"href":"https:\/\/abogado-zaragoza.com\/index.php\/wp-json\/wp\/v2\/types\/page"}],"author":[{"embeddable":true,"href":"https:\/\/abogado-zaragoza.com\/index.php\/wp-json\/wp\/v2\/users\/1"}],"replies":[{"embeddable":true,"href":"https:\/\/abogado-zaragoza.com\/index.php\/wp-json\/wp\/v2\/comments?post=161"}],"version-history":[{"count":547,"href":"https:\/\/abogado-zaragoza.com\/index.php\/wp-json\/wp\/v2\/pages\/161\/revisions"}],"predecessor-version":[{"id":3547,"href":"https:\/\/abogado-zaragoza.com\/index.php\/wp-json\/wp\/v2\/pages\/161\/revisions\/3547"}],"wp:attachment":[{"href":"https:\/\/abogado-zaragoza.com\/index.php\/wp-json\/wp\/v2\/media?parent=161"}],"curies":[{"name":"wp","href":"https:\/\/api.w.org\/{rel}","templated":true}]}}