{"id":1141,"date":"2021-09-20T17:50:12","date_gmt":"2021-09-20T17:50:12","guid":{"rendered":"https:\/\/abogado-zaragoza.com\/?page_id=1141"},"modified":"2023-09-19T11:42:05","modified_gmt":"2023-09-19T11:42:05","slug":"aviso-legal","status":"publish","type":"page","link":"https:\/\/abogado-zaragoza.com\/index.php\/aviso-legal\/","title":{"rendered":"Aviso Legal"},"content":{"rendered":"\t\t<div data-elementor-type=\"wp-page\" data-elementor-id=\"1141\" class=\"elementor elementor-1141\">\n\t\t\t\t\t\t<section class=\"elementor-section elementor-top-section elementor-element elementor-element-3e0b86bd elementor-section-boxed elementor-section-height-default elementor-section-height-default\" data-id=\"3e0b86bd\" data-element_type=\"section\" data-e-type=\"section\">\n\t\t\t\t\t\t<div class=\"elementor-container elementor-column-gap-default\">\n\t\t\t\t\t<div class=\"elementor-column elementor-col-100 elementor-top-column elementor-element elementor-element-5a27671c\" data-id=\"5a27671c\" data-element_type=\"column\" data-e-type=\"column\">\n\t\t\t<div class=\"elementor-widget-wrap elementor-element-populated\">\n\t\t\t\t\t\t<div class=\"elementor-element elementor-element-574ae6e6 elementor-widget elementor-widget-text-editor\" data-id=\"574ae6e6\" data-element_type=\"widget\" data-e-type=\"widget\" data-widget_type=\"text-editor.default\">\n\t\t\t\t<div class=\"elementor-widget-container\">\n\t\t\t\t\t\t\t\t\t<p><\/p>\n<blockquote class=\"wp-block-quote is-layout-flow wp-block-quote-is-layout-flow\">\n<p>En cumplimiento de la Ley 34\/2002, de 11 de julio, de Servicios de la Sociedad de la Informaci\u00f3n y de Comercio Electr\u00f3nico, se ponen en conocimiento del usuario\/a los siguientes datos registrales de la persona que presta sus \u00a0servicios en Internet: Pedro Antonio Guti\u00e9rrez L\u00f3pez NIF: 25143334X. Domicilio Social: C\/ Baltasar Graci\u00e1n n\u00ba 10, entlo. izda. (Zaragoza) C.P. 50005 Licenciado en Derecho por la Universidad de Zaragoza, Abogado Colegiado n\u00fam. 3307 del Real e Ilustre Colegio de Abogados de Zaragoza. E-mail: pagabogado@reicaz.es Tel\u00e9fono de contacto \u00a0613052861<\/p>\n<\/blockquote>\n<p><\/p>\n<h2 class=\"wp-block-heading\">Protecci\u00f3n de Datos<\/h2>\n<p><\/p>\n<blockquote class=\"wp-block-quote is-layout-flow wp-block-quote-is-layout-flow\">\n<p>&#8216;\u201cAbogado-Zaragoza\u00bb es un portal vinculado al despacho de abogados del Letrado del Real e Ilustre Colegio de Abogados de Zaragoza, D. Pedro Antonio Guti\u00e9rrez L\u00f3pez y destinado a la prestaci\u00f3n de servicios jur\u00eddicos y a la respuesta de consultas legales on-line y a la confecci\u00f3n de Documentos Legales, Formularios Jur\u00eddicos y Modelos de Contratos Tipo. Por esta raz\u00f3n se han adoptado todas las medidas necesarias para garantizar un uso seguro del mismo y la confidencialidad y privacidad de los datos y consultas de cualquier usuario o cliente que tenga acceso al mismo, bajo los m\u00e1ximos est\u00e1ndares de absoluto anonimato del cliente y el secreto profesional.Es por ello, por lo que \u201cAbogado-Zaragoza\u00bb se compromete a no recabar datos innecesarios de los usuarios ni a dar un uso inadecuado a los mismos. As\u00ed, tales datos ser\u00e1n tratados con la m\u00e1xima diligencia, siguiendo los principios b\u00e1sicos de la legislaci\u00f3n de protecci\u00f3n de datos en Espa\u00f1a.<\/p>\n<\/blockquote>\n<p><\/p>\n<h2 class=\"wp-block-heading\">Tratamiento de los Datos<\/h2>\n<p><\/p>\n<blockquote class=\"wp-block-quote is-layout-flow wp-block-quote-is-layout-flow\">\n<p>En cumplimiento de lo estipulado en la Ley Org\u00e1nica 15\/1999, de 13 de diciembre de Protecci\u00f3n de Datos de Car\u00e1cter Personal (LOPD), y dem\u00e1s legislaci\u00f3n que sea de aplicaci\u00f3n y\/o sustituya aquella, toda aquella informaci\u00f3n recibida en el portal, a trav\u00e9s de consultas, env\u00edo de datos, o cualquier otro medio, ser\u00e1 tratada con la m\u00e1s estricta y absoluta confidencialidad, secreto profesional y seguridad. Los datos personales que el Despacho obtenga para la prestaci\u00f3n de cualquier servicio o utilizaci\u00f3n del portal se integrar\u00e1n en un fichero informatizado. Los datos obtenidos ser\u00e1n utilizados \u00fanicamente para ofrecer los servicios solicitados Todos aquellos usuarios que faciliten sus datos a trav\u00e9s del portal tendr\u00e1n los derechos de acceso, rectificaci\u00f3n y\/o cancelaci\u00f3n de sus datos tal y como reconoce la LOPD, sin oposici\u00f3n alguna. Los derechos mencionados podr\u00e1n ser ejercitados por correo electr\u00f3nico, en pagabogado@reicaz.com \u00a0\u201cAbogado-Zaragoza\u00bb adopta para el tratamiento de los datos todas las medidas t\u00e9cnicas y organizativas de seguridad que sean de obligaci\u00f3n, de conformidad con lo establecido por la legislaci\u00f3n vigente. Los datos de car\u00e1cter personal que se hayan obtenido a trav\u00e9s del portal,\u00a0tendr\u00e1n la protecci\u00f3n necesaria a fin de evitar su alteraci\u00f3n, p\u00e9rdida, tratamiento o acceso no autorizados<\/p>\n<\/blockquote>\n<p><\/p>\t\t\t\t\t\t\t\t<\/div>\n\t\t\t\t<\/div>\n\t\t\t\t\t<\/div>\n\t\t<\/div>\n\t\t\t\t\t<\/div>\n\t\t<\/section>\n\t\t\t\t<section class=\"elementor-section elementor-top-section elementor-element elementor-element-d57506b elementor-section-boxed elementor-section-height-default elementor-section-height-default\" data-id=\"d57506b\" data-element_type=\"section\" data-e-type=\"section\">\n\t\t\t\t\t\t<div class=\"elementor-container elementor-column-gap-default\">\n\t\t\t\t\t<div class=\"elementor-column elementor-col-100 elementor-top-column elementor-element elementor-element-14aa460\" data-id=\"14aa460\" data-element_type=\"column\" data-e-type=\"column\">\n\t\t\t<div class=\"elementor-widget-wrap elementor-element-populated\">\n\t\t\t\t\t\t<div class=\"elementor-element elementor-element-f1fcbcc elementor-widget elementor-widget-text-editor\" data-id=\"f1fcbcc\" data-element_type=\"widget\" data-e-type=\"widget\" data-widget_type=\"text-editor.default\">\n\t\t\t\t<div class=\"elementor-widget-container\">\n\t\t\t\t\t\t\t\t\t<h2>Condiciones de Venta a trav\u00e9s de la Plataforma \u00abFormularios Legales\u00bb<\/h2>\n<p>Los precios y condiciones de venta tienen un car\u00e1cter informativo y pueden ser modificados en atenci\u00f3n a las fluctuaciones del mercado. Aun as\u00ed, la realizaci\u00f3n del pedido mediante cumplimentaci\u00f3n del formulario de alta, implica la conformidad con el precio y las condiciones generales de venta vigentes en este mismo momento. Una vez formalizado el pedido, se entender\u00e1 perfeccionada la compra de pleno derecho, con todas las garant\u00edas legales que amparan al consumidor, y desde ese instante los precios y condiciones tendr\u00e1n car\u00e1cter contractual, y no podr\u00e1n ser modificados, sin el expreso acuerdo de ambas partes. Impuestos: IVA incluido.<\/p>\t\t\t\t\t\t\t\t<\/div>\n\t\t\t\t<\/div>\n\t\t\t\t\t<\/div>\n\t\t<\/div>\n\t\t\t\t\t<\/div>\n\t\t<\/section>\n\t\t\t\t<\/div>\n\t\t","protected":false},"excerpt":{"rendered":"<p>En cumplimiento de la Ley 34\/2002, de 11 de julio, de Servicios de la Sociedad de la Informaci\u00f3n y de Comercio Electr\u00f3nico, se ponen en conocimiento del usuario\/a los siguientes datos registrales de la persona que presta sus \u00a0servicios en Internet: Pedro Antonio Guti\u00e9rrez L\u00f3pez NIF: 25143334X. Domicilio Social: C\/ Baltasar Graci\u00e1n n\u00ba 10, entlo. [&hellip;]<\/p>\n","protected":false},"author":1,"featured_media":0,"parent":0,"menu_order":0,"comment_status":"closed","ping_status":"closed","template":"","meta":{"om_disable_all_campaigns":false,"_monsterinsights_skip_tracking":false,"_monsterinsights_sitenote_active":false,"_monsterinsights_sitenote_note":"","_monsterinsights_sitenote_category":0,"_uf_show_specific_survey":0,"_uf_disable_surveys":false,"ocean_post_layout":"","ocean_both_sidebars_style":"","ocean_both_sidebars_content_width":0,"ocean_both_sidebars_sidebars_width":0,"ocean_sidebar":"0","ocean_second_sidebar":"0","ocean_disable_margins":"enable","ocean_add_body_class":"","ocean_shortcode_before_top_bar":"","ocean_shortcode_after_top_bar":"","ocean_shortcode_before_header":"","ocean_shortcode_after_header":"","ocean_has_shortcode":"","ocean_shortcode_after_title":"","ocean_shortcode_before_footer_widgets":"","ocean_shortcode_after_footer_widgets":"","ocean_shortcode_before_footer_bottom":"","ocean_shortcode_after_footer_bottom":"","ocean_display_top_bar":"default","ocean_display_header":"default","ocean_header_style":"","ocean_center_header_left_menu":"0","ocean_custom_header_template":"0","ocean_custom_logo":0,"ocean_custom_retina_logo":0,"ocean_custom_logo_max_width":0,"ocean_custom_logo_tablet_max_width":0,"ocean_custom_logo_mobile_max_width":0,"ocean_custom_logo_max_height":0,"ocean_custom_logo_tablet_max_height":0,"ocean_custom_logo_mobile_max_height":0,"ocean_header_custom_menu":"0","ocean_menu_typo_font_family":"0","ocean_menu_typo_font_subset":"","ocean_menu_typo_font_size":0,"ocean_menu_typo_font_size_tablet":0,"ocean_menu_typo_font_size_mobile":0,"ocean_menu_typo_font_size_unit":"px","ocean_menu_typo_font_weight":"","ocean_menu_typo_font_weight_tablet":"","ocean_menu_typo_font_weight_mobile":"","ocean_menu_typo_transform":"","ocean_menu_typo_transform_tablet":"","ocean_menu_typo_transform_mobile":"","ocean_menu_typo_line_height":0,"ocean_menu_typo_line_height_tablet":0,"ocean_menu_typo_line_height_mobile":0,"ocean_menu_typo_line_height_unit":"","ocean_menu_typo_spacing":0,"ocean_menu_typo_spacing_tablet":0,"ocean_menu_typo_spacing_mobile":0,"ocean_menu_typo_spacing_unit":"","ocean_menu_link_color":"","ocean_menu_link_color_hover":"","ocean_menu_link_color_active":"","ocean_menu_link_background":"","ocean_menu_link_hover_background":"","ocean_menu_link_active_background":"","ocean_menu_social_links_bg":"","ocean_menu_social_hover_links_bg":"","ocean_menu_social_links_color":"","ocean_menu_social_hover_links_color":"","ocean_disable_title":"default","ocean_disable_heading":"default","ocean_post_title":"","ocean_post_subheading":"","ocean_post_title_style":"","ocean_post_title_background_color":"","ocean_post_title_background":0,"ocean_post_title_bg_image_position":"","ocean_post_title_bg_image_attachment":"","ocean_post_title_bg_image_repeat":"","ocean_post_title_bg_image_size":"","ocean_post_title_height":0,"ocean_post_title_bg_overlay":0.5,"ocean_post_title_bg_overlay_color":"","ocean_disable_breadcrumbs":"default","ocean_breadcrumbs_color":"","ocean_breadcrumbs_separator_color":"","ocean_breadcrumbs_links_color":"","ocean_breadcrumbs_links_hover_color":"","ocean_display_footer_widgets":"default","ocean_display_footer_bottom":"default","ocean_custom_footer_template":"0","footnotes":""},"class_list":["post-1141","page","type-page","status-publish","hentry","entry"],"yoast_head":"<!-- This site is optimized with the Yoast SEO plugin v27.5 - https:\/\/yoast.com\/product\/yoast-seo-wordpress\/ -->\n<title>Aviso Legal<\/title>\n<meta name=\"description\" content=\"Aviso\" \/>\n<meta name=\"robots\" content=\"index, follow, max-snippet:-1, max-image-preview:large, max-video-preview:-1\" \/>\n<link rel=\"canonical\" href=\"https:\/\/abogado-zaragoza.com\/index.php\/aviso-legal\/\" \/>\n<meta property=\"og:locale\" content=\"es_ES\" \/>\n<meta property=\"og:type\" content=\"article\" \/>\n<meta property=\"og:title\" content=\"Aviso Legal\" \/>\n<meta property=\"og:description\" content=\"Aviso\" \/>\n<meta property=\"og:url\" content=\"https:\/\/abogado-zaragoza.com\/index.php\/aviso-legal\/\" \/>\n<meta property=\"og:site_name\" content=\"Abogado Zaragoza\" \/>\n<meta property=\"article:publisher\" content=\"https:\/\/www.linkedin.com\/in\/pedro-guti%c3%a9rrez-67105824\/\" \/>\n<meta property=\"article:modified_time\" content=\"2023-09-19T11:42:05+00:00\" \/>\n<meta name=\"twitter:card\" content=\"summary_large_image\" \/>\n<meta name=\"twitter:site\" content=\"@ZaragozaAbogado\" \/>\n<meta name=\"twitter:label1\" content=\"Tiempo de lectura\" \/>\n\t<meta name=\"twitter:data1\" content=\"3 minutos\" \/>\n<script type=\"application\/ld+json\" class=\"yoast-schema-graph\">{\"@context\":\"https:\\\/\\\/schema.org\",\"@graph\":[{\"@type\":\"WebPage\",\"@id\":\"https:\\\/\\\/abogado-zaragoza.com\\\/index.php\\\/aviso-legal\\\/\",\"url\":\"https:\\\/\\\/abogado-zaragoza.com\\\/index.php\\\/aviso-legal\\\/\",\"name\":\"Aviso Legal\",\"isPartOf\":{\"@id\":\"https:\\\/\\\/abogado-zaragoza.com\\\/#website\"},\"datePublished\":\"2021-09-20T17:50:12+00:00\",\"dateModified\":\"2023-09-19T11:42:05+00:00\",\"description\":\"Aviso\",\"breadcrumb\":{\"@id\":\"https:\\\/\\\/abogado-zaragoza.com\\\/index.php\\\/aviso-legal\\\/#breadcrumb\"},\"inLanguage\":\"es\",\"potentialAction\":[{\"@type\":\"ReadAction\",\"target\":[\"https:\\\/\\\/abogado-zaragoza.com\\\/index.php\\\/aviso-legal\\\/\"]}]},{\"@type\":\"BreadcrumbList\",\"@id\":\"https:\\\/\\\/abogado-zaragoza.com\\\/index.php\\\/aviso-legal\\\/#breadcrumb\",\"itemListElement\":[{\"@type\":\"ListItem\",\"position\":1,\"name\":\"Portada\",\"item\":\"https:\\\/\\\/abogado-zaragoza.com\\\/\"},{\"@type\":\"ListItem\",\"position\":2,\"name\":\"Aviso Legal\"}]},{\"@type\":\"WebSite\",\"@id\":\"https:\\\/\\\/abogado-zaragoza.com\\\/#website\",\"url\":\"https:\\\/\\\/abogado-zaragoza.com\\\/\",\"name\":\"Abogado-Zaragoza\",\"description\":\"Despacho de Abogados\",\"publisher\":{\"@id\":\"https:\\\/\\\/abogado-zaragoza.com\\\/#organization\"},\"alternateName\":\"Despacho de Abogados de Zaragoza\",\"potentialAction\":[{\"@type\":\"SearchAction\",\"target\":{\"@type\":\"EntryPoint\",\"urlTemplate\":\"https:\\\/\\\/abogado-zaragoza.com\\\/?s={search_term_string}\"},\"query-input\":{\"@type\":\"PropertyValueSpecification\",\"valueRequired\":true,\"valueName\":\"search_term_string\"}}],\"inLanguage\":\"es\"},{\"@type\":\"Organization\",\"@id\":\"https:\\\/\\\/abogado-zaragoza.com\\\/#organization\",\"name\":\"Pedro Guti\u00e9rrez. Abogado\",\"url\":\"https:\\\/\\\/abogado-zaragoza.com\\\/\",\"logo\":{\"@type\":\"ImageObject\",\"inLanguage\":\"es\",\"@id\":\"https:\\\/\\\/abogado-zaragoza.com\\\/#\\\/schema\\\/logo\\\/image\\\/\",\"url\":\"https:\\\/\\\/abogado-zaragoza.com\\\/wp-content\\\/uploads\\\/2021\\\/12\\\/cropped-logo-abogado-1.png\",\"contentUrl\":\"https:\\\/\\\/abogado-zaragoza.com\\\/wp-content\\\/uploads\\\/2021\\\/12\\\/cropped-logo-abogado-1.png\",\"width\":123,\"height\":66,\"caption\":\"Pedro Guti\u00e9rrez. Abogado\"},\"image\":{\"@id\":\"https:\\\/\\\/abogado-zaragoza.com\\\/#\\\/schema\\\/logo\\\/image\\\/\"},\"sameAs\":[\"https:\\\/\\\/www.linkedin.com\\\/in\\\/pedro-guti\u00e9rrez-67105824\\\/\",\"https:\\\/\\\/x.com\\\/ZaragozaAbogado\",\"https:\\\/\\\/www.instagram.com\\\/abogadozaragoza\"]}]}<\/script>\n<!-- \/ Yoast SEO plugin. -->","yoast_head_json":{"title":"Aviso Legal","description":"Aviso","robots":{"index":"index","follow":"follow","max-snippet":"max-snippet:-1","max-image-preview":"max-image-preview:large","max-video-preview":"max-video-preview:-1"},"canonical":"https:\/\/abogado-zaragoza.com\/index.php\/aviso-legal\/","og_locale":"es_ES","og_type":"article","og_title":"Aviso Legal","og_description":"Aviso","og_url":"https:\/\/abogado-zaragoza.com\/index.php\/aviso-legal\/","og_site_name":"Abogado Zaragoza","article_publisher":"https:\/\/www.linkedin.com\/in\/pedro-guti%c3%a9rrez-67105824\/","article_modified_time":"2023-09-19T11:42:05+00:00","twitter_card":"summary_large_image","twitter_site":"@ZaragozaAbogado","twitter_misc":{"Tiempo de lectura":"3 minutos"},"schema":{"@context":"https:\/\/schema.org","@graph":[{"@type":"WebPage","@id":"https:\/\/abogado-zaragoza.com\/index.php\/aviso-legal\/","url":"https:\/\/abogado-zaragoza.com\/index.php\/aviso-legal\/","name":"Aviso Legal","isPartOf":{"@id":"https:\/\/abogado-zaragoza.com\/#website"},"datePublished":"2021-09-20T17:50:12+00:00","dateModified":"2023-09-19T11:42:05+00:00","description":"Aviso","breadcrumb":{"@id":"https:\/\/abogado-zaragoza.com\/index.php\/aviso-legal\/#breadcrumb"},"inLanguage":"es","potentialAction":[{"@type":"ReadAction","target":["https:\/\/abogado-zaragoza.com\/index.php\/aviso-legal\/"]}]},{"@type":"BreadcrumbList","@id":"https:\/\/abogado-zaragoza.com\/index.php\/aviso-legal\/#breadcrumb","itemListElement":[{"@type":"ListItem","position":1,"name":"Portada","item":"https:\/\/abogado-zaragoza.com\/"},{"@type":"ListItem","position":2,"name":"Aviso Legal"}]},{"@type":"WebSite","@id":"https:\/\/abogado-zaragoza.com\/#website","url":"https:\/\/abogado-zaragoza.com\/","name":"Abogado-Zaragoza","description":"Despacho de Abogados","publisher":{"@id":"https:\/\/abogado-zaragoza.com\/#organization"},"alternateName":"Despacho de Abogados de Zaragoza","potentialAction":[{"@type":"SearchAction","target":{"@type":"EntryPoint","urlTemplate":"https:\/\/abogado-zaragoza.com\/?s={search_term_string}"},"query-input":{"@type":"PropertyValueSpecification","valueRequired":true,"valueName":"search_term_string"}}],"inLanguage":"es"},{"@type":"Organization","@id":"https:\/\/abogado-zaragoza.com\/#organization","name":"Pedro Guti\u00e9rrez. Abogado","url":"https:\/\/abogado-zaragoza.com\/","logo":{"@type":"ImageObject","inLanguage":"es","@id":"https:\/\/abogado-zaragoza.com\/#\/schema\/logo\/image\/","url":"https:\/\/abogado-zaragoza.com\/wp-content\/uploads\/2021\/12\/cropped-logo-abogado-1.png","contentUrl":"https:\/\/abogado-zaragoza.com\/wp-content\/uploads\/2021\/12\/cropped-logo-abogado-1.png","width":123,"height":66,"caption":"Pedro Guti\u00e9rrez. Abogado"},"image":{"@id":"https:\/\/abogado-zaragoza.com\/#\/schema\/logo\/image\/"},"sameAs":["https:\/\/www.linkedin.com\/in\/pedro-guti\u00e9rrez-67105824\/","https:\/\/x.com\/ZaragozaAbogado","https:\/\/www.instagram.com\/abogadozaragoza"]}]}},"_links":{"self":[{"href":"https:\/\/abogado-zaragoza.com\/index.php\/wp-json\/wp\/v2\/pages\/1141","targetHints":{"allow":["GET"]}}],"collection":[{"href":"https:\/\/abogado-zaragoza.com\/index.php\/wp-json\/wp\/v2\/pages"}],"about":[{"href":"https:\/\/abogado-zaragoza.com\/index.php\/wp-json\/wp\/v2\/types\/page"}],"author":[{"embeddable":true,"href":"https:\/\/abogado-zaragoza.com\/index.php\/wp-json\/wp\/v2\/users\/1"}],"replies":[{"embeddable":true,"href":"https:\/\/abogado-zaragoza.com\/index.php\/wp-json\/wp\/v2\/comments?post=1141"}],"version-history":[{"count":6,"href":"https:\/\/abogado-zaragoza.com\/index.php\/wp-json\/wp\/v2\/pages\/1141\/revisions"}],"predecessor-version":[{"id":2728,"href":"https:\/\/abogado-zaragoza.com\/index.php\/wp-json\/wp\/v2\/pages\/1141\/revisions\/2728"}],"wp:attachment":[{"href":"https:\/\/abogado-zaragoza.com\/index.php\/wp-json\/wp\/v2\/media?parent=1141"}],"curies":[{"name":"wp","href":"https:\/\/api.w.org\/{rel}","templated":true}]}}